{"id":5493,"date":"2024-05-13T23:06:42","date_gmt":"2024-05-13T21:06:42","guid":{"rendered":"https:\/\/www.undjetzt-konferenz.de\/?page_id=5493"},"modified":"2024-08-10T10:34:59","modified_gmt":"2024-08-10T08:34:59","slug":"faq","status":"publish","type":"page","link":"https:\/\/undjetzt-konferenz.de\/en\/faq\/","title":{"rendered":""},"content":{"rendered":"\t\t<div data-elementor-type=\"wp-page\" data-elementor-id=\"5493\" class=\"elementor elementor-5493\">\n\t\t\t\t\t\t<section class=\"elementor-section elementor-top-section elementor-element elementor-element-9c51a6d elementor-section-boxed elementor-section-height-default elementor-section-height-default\" data-id=\"9c51a6d\" data-element_type=\"section\" data-e-type=\"section\">\n\t\t\t\t\t\t<div class=\"elementor-container elementor-column-gap-default\">\n\t\t\t\t\t<div class=\"elementor-column elementor-col-100 elementor-top-column elementor-element elementor-element-f73c93e\" data-id=\"f73c93e\" data-element_type=\"column\" data-e-type=\"column\">\n\t\t\t<div class=\"elementor-widget-wrap elementor-element-populated\">\n\t\t\t\t\t\t<div class=\"elementor-element elementor-element-54f6d56 elementor-widget elementor-widget-text-editor\" data-id=\"54f6d56\" data-element_type=\"widget\" data-e-type=\"widget\" data-widget_type=\"text-editor.default\">\n\t\t\t\t<div class=\"elementor-widget-container\">\n\t\t\t\t\t\t\t\t\t<p><b>FAQ\u00a0<\/b><b><span style=\"font-size: 12pt;\">H\u00e4ufig gestellte Fragen<\/span><br \/><\/b><\/p>\t\t\t\t\t\t\t\t<\/div>\n\t\t\t\t<\/div>\n\t\t\t\t<div class=\"elementor-element elementor-element-1666d68 elementor-widget elementor-widget-accordion\" data-id=\"1666d68\" data-element_type=\"widget\" data-e-type=\"widget\" data-widget_type=\"accordion.default\">\n\t\t\t\t<div class=\"elementor-widget-container\">\n\t\t\t\t\t\t\t<div class=\"elementor-accordion\">\n\t\t\t\t\t\t\t<div class=\"elementor-accordion-item\">\n\t\t\t\t\t<div id=\"elementor-tab-title-2341\" class=\"elementor-tab-title\" data-tab=\"1\" role=\"button\" aria-controls=\"elementor-tab-content-2341\" aria-expanded=\"false\">\n\t\t\t\t\t\t\t\t\t\t\t\t<a class=\"elementor-accordion-title\" tabindex=\"0\">Wie melde ich mich an?<\/a>\n\t\t\t\t\t<\/div>\n\t\t\t\t\t<div id=\"elementor-tab-content-2341\" class=\"elementor-tab-content elementor-clearfix\" data-tab=\"1\" role=\"region\" aria-labelledby=\"elementor-tab-title-2341\"><div id=\"magicdomid49\" class=\"ace-line\" aria-live=\"assertive\"><span class=\"\">1. den Anmeldebogen herunterladen und ausf\u00fcllen<\/span><\/div>\n<div id=\"magicdomid50\" class=\"ace-line\" aria-live=\"assertive\"><span class=\"\">2. ausgef\u00fcllten Anmeldebogen an info[at]undjetzt-konferenz.de senden<\/span><\/div>\n<div id=\"magicdomid115\" class=\"ace-line\" aria-live=\"assertive\"><span class=\"\">3. direkt Bescheid sagen, wenn du Lust hast, Teil des Awarenessteams<\/span><span class=\"\"> zu sein oder beim Auf- und\/oder Abbau vor\/nach der undjetzt?! zu helfen<br><\/span><\/div>\n<div id=\"magicdomid52\" class=\"ace-line\" aria-live=\"assertive\"><span class=\"\">4. innerhalb von 7 Tagen nach Erhalt der Best\u00e4tigungsmail den von dir gew\u00e4hlten Teilnahmebeitrag (Richtwert 80\u20ac) auf unser Konto \u00fcberweisen:<\/span><\/div>\n<div id=\"magicdomid114\" class=\"ace-line\" aria-live=\"assertive\"><span class=\"\">&nbsp; KONTODATEN<\/span><\/div>\n<div id=\"magicdomid54\" class=\"ace-line\" aria-live=\"assertive\"><span class=\"author-a-7mz81zz78zsoz79zz87z88z69zz70zz78zz87zcr\">&nbsp; Inhaberin: grenzenlos e.V.<\/span><\/div>\n<div id=\"magicdomid55\" class=\"ace-line\" aria-live=\"assertive\"><span class=\"author-a-7mz81zz78zsoz79zz87z88z69zz70zz78zz87zcr\">&nbsp; IBAN:&nbsp; DE92 3702 0500 0008 1683 01<\/span><br><span class=\"author-a-7mz81zz78zsoz79zz87z88z69zz70zz78zz87zcr\">Verwendungszweck: <\/span>Teilnahmebeitrag uj24 Vorname.Nachname<\/div>\n<div id=\"magicdomid56\" class=\"ace-line\" aria-live=\"assertive\"><span class=\"author-a-7mz81zz78zsoz79zz87z88z69zz70zz78zz87zcr\">&nbsp;&nbsp;&nbsp;&nbsp;<\/span><\/div>\n<div id=\"magicdomid57\" class=\"ace-line\" aria-live=\"assertive\"><span class=\"\">5. utopische Vibes sowie nach Lust &amp; Laune Dekomaterial und andere Dinge zum Gem\u00fctlichmachen, z.B. f\u00fcrs undjetzt?!-Caf\u00e9, in deinen Koffer oder Rucksack packen und am 10. August mit nach Escherode bringen!<br><\/span><\/div>\n<p><\/p><\/div>\n\t\t\t\t<\/div>\n\t\t\t\t\t\t\t<div class=\"elementor-accordion-item\">\n\t\t\t\t\t<div id=\"elementor-tab-title-2342\" class=\"elementor-tab-title\" data-tab=\"2\" role=\"button\" aria-controls=\"elementor-tab-content-2342\" aria-expanded=\"false\">\n\t\t\t\t\t\t\t\t\t\t\t\t<a class=\"elementor-accordion-title\" tabindex=\"0\">Wo findet die undjetzt?!-Konferenz statt?<\/a>\n\t\t\t\t\t<\/div>\n\t\t\t\t\t<div id=\"elementor-tab-content-2342\" class=\"elementor-tab-content elementor-clearfix\" data-tab=\"2\" role=\"region\" aria-labelledby=\"elementor-tab-title-2342\"><div id=\"magicdomid60\" class=\"ace-line\" aria-live=\"assertive\"><span class=\"\">Die diesj\u00e4hrige undjetzt?!-Konferenz findet bei den gASTWERKen auf dem Gel\u00e4nde der gASTWERKe-Akademie <\/span><span class=\"author-a-7mz81zz78zsoz79zz87z88z69zz70zz78zz87zcr\">in Escherode <\/span><span class=\"\">bei Kassel statt. Mehr Informationen zur Akademie findest du mit Klick auf folgenden Link: <\/span><span class=\" url\"><a href=\"https:\/\/www.gastwerke-akademie.de\/wp_gastwerke\/\" rel=\"noreferrer noopener\">https:\/\/www.gastwerke-akademie.de\/wp_gastwerke\/<\/a><\/span><\/div><p>\u00a0<\/p><\/div>\n\t\t\t\t<\/div>\n\t\t\t\t\t\t\t<div class=\"elementor-accordion-item\">\n\t\t\t\t\t<div id=\"elementor-tab-title-2343\" class=\"elementor-tab-title\" data-tab=\"3\" role=\"button\" aria-controls=\"elementor-tab-content-2343\" aria-expanded=\"false\">\n\t\t\t\t\t\t\t\t\t\t\t\t<a class=\"elementor-accordion-title\" tabindex=\"0\"> Wie komme ich zu den gASTWERKen? <\/a>\n\t\t\t\t\t<\/div>\n\t\t\t\t\t<div id=\"elementor-tab-content-2343\" class=\"elementor-tab-content elementor-clearfix\" data-tab=\"3\" role=\"region\" aria-labelledby=\"elementor-tab-title-2343\"><div aria-live=\"assertive\"><p>Wir empfehlen dir eine Anreise mit <b>\u00f6ffentlichen Verkehrsmitteln <\/b>oder einer <b>Mitfahrgelegenheit<\/b> (\u00fcber ein Portal, in einer Fahrgemeinschaft mit anderen Teilnehmer*innen, trampen: wer mag &amp; es sich zutraut). Nach erfolgreicher Anmeldung bekommst du den Link zu einer Signal-Gruppe bzw. zu einem Onlinepad, auf dem sich Menschen f\u00fcr Fahrgemeinschaften verabreden k\u00f6nnen.<\/p><p><b>Anreise per Bahn und Bus<\/b><\/p><p>Vom <b>Bahnhof <\/b><b>Kassel-Wilhelmsh\u00f6he:<\/b> Steige in die <b>Stra\u00dfenbahn Linie 4 <\/b>Richtung Helsa\/Hessisch Lichtenau und fahre bis <i>Kaufungen-Oberkaufungen\/Gesamtschule<\/i>. Steige dort in den <b>Bus der Linie 34 <\/b>Richtung <i>Lutterberg <\/i>oder<i> Uschlag<\/i> um. <b>Haltestelle: Escherode, Kaufunger Waldstra\u00dfe.<\/b>\u00a0<\/p><p>Falls der Bus nur bis \u201cNieste\u201d f\u00e4hrt: Von dort sind es ca. 20-30min zu Fu\u00df, jedoch geht es teilweise recht steil den Berg hoch :\/ Also plane genug Zeit und Energie ein, den Berg hochzugehen.<\/p><p>Zur Sicherheit schaust du am besten unter <a href=\"https:\/\/www.nvv.de\/\">https:\/\/www.nvv.de\/<\/a><br \/>nach deiner Verbindung zur Haltestelle \u201cStaufenberg-Escherode Kaufunger Waldstr.\u201d oder gibst direkt die Adresse ein: Forstamtstr. 6, 34355 Staufenberg.<\/p><p>2. M\u00f6glichkeit: Ab\u00a0<em>Kassel-K\u00f6nigsplatz <\/em>oder<em> Stern\u00a0<\/em>mit dem <i>Bus Linie 30<\/i> Richtung Uschlag, bis Haltestelle &#8220;<i>Uschlag, Landwehrhagener Str.<\/i>&#8220;; dort umsteigen in die <b>Linie 33 <\/b>bis Escherode, <b>Haltestelle \u201cKaufunger<br \/>Waldstra\u00dfe\u201d<\/b>.<\/p><p><b>Anreise per Auto<\/b>: Wegbeschreibung siehe <a href=\"https:\/\/www.gastwerke.de\/anreise\/\" target=\"_blank\" rel=\"noopener\">https:\/\/www.gastwerke.de\/anreise\/<\/a><\/p><p>\u00a0<\/p><\/div><\/div>\n\t\t\t\t<\/div>\n\t\t\t\t\t\t\t<div class=\"elementor-accordion-item\">\n\t\t\t\t\t<div id=\"elementor-tab-title-2344\" class=\"elementor-tab-title\" data-tab=\"4\" role=\"button\" aria-controls=\"elementor-tab-content-2344\" aria-expanded=\"false\">\n\t\t\t\t\t\t\t\t\t\t\t\t<a class=\"elementor-accordion-title\" tabindex=\"0\">Was gibt\u00b4s zum Essen? <\/a>\n\t\t\t\t\t<\/div>\n\t\t\t\t\t<div id=\"elementor-tab-content-2344\" class=\"elementor-tab-content elementor-clearfix\" data-tab=\"4\" role=\"region\" aria-labelledby=\"elementor-tab-title-2344\"><div aria-live=\"assertive\">Es wird drei Mahlzeiten am Tag von der K\u00fcfa (K\u00fcche f\u00fcr alle) geben.\u00a0<\/div><div aria-live=\"assertive\">Alle Mahlzeiten sind vegan sowie weitgehend saisonal und regional.<\/div><div aria-live=\"assertive\">\u00a0<\/div><div aria-live=\"assertive\">Bring dar\u00fcber hinaus gerne deinen Lieblingsaufstrich mit!<\/div><div aria-live=\"assertive\">\u00a0<\/div><div aria-live=\"assertive\">Falls du Lebensmittelallergien oder -unvertr\u00e4glichkeiten hast, teile uns dies bitte mit &#8211; am besten direkt im Annmeldeformular.<\/div><\/div>\n\t\t\t\t<\/div>\n\t\t\t\t\t\t\t<div class=\"elementor-accordion-item\">\n\t\t\t\t\t<div id=\"elementor-tab-title-2345\" class=\"elementor-tab-title\" data-tab=\"5\" role=\"button\" aria-controls=\"elementor-tab-content-2345\" aria-expanded=\"false\">\n\t\t\t\t\t\t\t\t\t\t\t\t<a class=\"elementor-accordion-title\" tabindex=\"0\">Wie komme ich auf der undjetzt?!-Konferenz unter? (Unterkunft)<\/a>\n\t\t\t\t\t<\/div>\n\t\t\t\t\t<div id=\"elementor-tab-content-2345\" class=\"elementor-tab-content elementor-clearfix\" data-tab=\"5\" role=\"region\" aria-labelledby=\"elementor-tab-title-2345\"><p>Die undjetzt?! erh\u00e4lt ihren Campingcharakter dadurch, dass alle in Zelten \u00fcbernachten. Du hast kein eigenes Zelt oder einen Platz im Zelt \u00fcbrig? Nutze auch daf\u00fcr die Signalgruppe oder das Zeltb\u00f6rse-Pad (den Link gibt\u00b4s per Mail f\u00fcr alle Angemeldeten). In Einzelf\u00e4llen k\u00f6nnen wir auch mit Zelten oder einer Alternative zum Zelt aushelfen. Schreib uns an &amp; wir finden gemeinsam eine gute L\u00f6sung!<\/p><\/div>\n\t\t\t\t<\/div>\n\t\t\t\t\t\t\t<div class=\"elementor-accordion-item\">\n\t\t\t\t\t<div id=\"elementor-tab-title-2346\" class=\"elementor-tab-title\" data-tab=\"6\" role=\"button\" aria-controls=\"elementor-tab-content-2346\" aria-expanded=\"false\">\n\t\t\t\t\t\t\t\t\t\t\t\t<a class=\"elementor-accordion-title\" tabindex=\"0\">F\u00fcr welches Alter ist die undjetzt?!-Konferenz? Kann ich mein(e) Kind(er) mitbringen?<\/a>\n\t\t\t\t\t<\/div>\n\t\t\t\t\t<div id=\"elementor-tab-content-2346\" class=\"elementor-tab-content elementor-clearfix\" data-tab=\"6\" role=\"region\" aria-labelledby=\"elementor-tab-title-2346\"><div aria-live=\"assertive\">Die Konferenz ist offen f\u00fcr alle ab 18 Jahren. Ausnahme: Kinder von Menschen \u00fcber 18 d\u00fcrfen gerne mitkommen!<\/div><div aria-live=\"assertive\">Das Gel\u00e4nde der gASTWERKe ist sehr kinderfreundlich. Eine spontan- und selbstorganisierte Kinderbetreuung l\u00e4sst sich sicherlich auf die Beine stellen. Wenn du Lust hast, dabei oder an guten Kinderstrukturen dar\u00fcber hinaus mitzuarbeiten, melde dich gerne bei uns!<\/div><\/div>\n\t\t\t\t<\/div>\n\t\t\t\t\t\t\t<div class=\"elementor-accordion-item\">\n\t\t\t\t\t<div id=\"elementor-tab-title-2347\" class=\"elementor-tab-title\" data-tab=\"7\" role=\"button\" aria-controls=\"elementor-tab-content-2347\" aria-expanded=\"false\">\n\t\t\t\t\t\t\t\t\t\t\t\t<a class=\"elementor-accordion-title\" tabindex=\"0\">Ist die undjetzt?! barrierefrei?<\/a>\n\t\t\t\t\t<\/div>\n\t\t\t\t\t<div id=\"elementor-tab-content-2347\" class=\"elementor-tab-content elementor-clearfix\" data-tab=\"7\" role=\"region\" aria-labelledby=\"elementor-tab-title-2347\"><p>Leider gibt es auf dem Gel\u00e4nde der gASTWERKe viele physische Barrieren wie bspw. Treppen. Daher k\u00f6nnen wir nicht gew\u00e4hrleisten, dass Menschen im Rollstuhl sich bei uns uneingeschr\u00e4nkt bewegen k\u00f6nnen.<\/p><p>Sprache: Die allgemeine Festivalsprache ist Deutsch. Ein paar Workshohps werden auf Englisch gehalten. Wir geben unser Bestes und versuchen Fl\u00fcster\u00fcbersetzung anzubieten. In welche Sprachen \u00fcbersetzt werden kann, h\u00e4ngt davon ab, in welche Sprachen Teilnehmende \u00fcbersetzen k\u00f6nnen &amp; bereit sind, es zu tun. Eine \u00dcbersetzung aus dem Englischen ins Deutsche und umgekehrt stellt grunds\u00e4tzlich kein Problem dar. Im Orgateam gibt es Menschen, die au\u00dferdem Franz\u00f6sisch und Spanisch sprechen.<\/p><\/div>\n\t\t\t\t<\/div>\n\t\t\t\t\t\t\t<div class=\"elementor-accordion-item\">\n\t\t\t\t\t<div id=\"elementor-tab-title-2348\" class=\"elementor-tab-title\" data-tab=\"8\" role=\"button\" aria-controls=\"elementor-tab-content-2348\" aria-expanded=\"false\">\n\t\t\t\t\t\t\t\t\t\t\t\t<a class=\"elementor-accordion-title\" tabindex=\"0\">Welche Infrastrukturen gibt es auf der undjetzt?!-Konferenz?<\/a>\n\t\t\t\t\t<\/div>\n\t\t\t\t\t<div id=\"elementor-tab-content-2348\" class=\"elementor-tab-content elementor-clearfix\" data-tab=\"8\" role=\"region\" aria-labelledby=\"elementor-tab-title-2348\"><p>Die undjetzt?! findet auf einem Teil des weitl\u00e4ufigen Au\u00dfengel\u00e4ndes der gASTWERKe statt. Dort gibt es verschiedene Zelte, z.B. f\u00fcr Workshops, Awareness, Ruhe, Kreativit\u00e4t,&#8230;, sowie eine B\u00fchne, eine Drau\u00dfenk\u00fcche, Sitzgelegenheiten, mehrere Duschen und Komposttoiletten mit Waschbecken zum (H\u00e4nde-)Waschen, und nat\u00fcrlich verschiedene Spots f\u00fcr unsere Schlafzelte. Es wird uns also an nichts mangeln!<\/p><p>Sollte dir doch etwas fehlen, frag uns am besten direkt danach. Wir bem\u00fchen uns deine Bed\u00fcrfnisse und W\u00fcnsche zu erf\u00fcllen, k\u00f6nnen aber nicht alle Tr\u00e4ume wahr werden lassen ;-)<\/p><\/div>\n\t\t\t\t<\/div>\n\t\t\t\t\t\t\t<div class=\"elementor-accordion-item\">\n\t\t\t\t\t<div id=\"elementor-tab-title-2349\" class=\"elementor-tab-title\" data-tab=\"9\" role=\"button\" aria-controls=\"elementor-tab-content-2349\" aria-expanded=\"false\">\n\t\t\t\t\t\t\t\t\t\t\t\t<a class=\"elementor-accordion-title\" tabindex=\"0\">8 Tage sind ganz sch\u00f6n lang. Kann ich auch k\u00fcrzer dabei sein?<\/a>\n\t\t\t\t\t<\/div>\n\t\t\t\t\t<div id=\"elementor-tab-content-2349\" class=\"elementor-tab-content elementor-clearfix\" data-tab=\"9\" role=\"region\" aria-labelledby=\"elementor-tab-title-2349\"><p>Die 8 Tage undjetzt?! sind eine besondere Zeit. Die beiden Samstage sind die regul\u00e4ren An- und Abreisetage und bieten gleichzeitig Raum zum Kennenlernen bzw. Abschied nehmen. Auf der undjetzt?! geht es insnbesondere darum, zusammenzufinden, Verbindungen sichtbar zu machen und zu kn\u00fcpfen, zwischen Themen wie Menschen. Auch wenn Vieles in einem Augenblick entsteht, ist Zeit doch ein wichtiger Faktor, um Neuentstandenes zu vertiefen. Insofern ergibt es durchaus Sinn, die ganze Zeit da zu sein. Wir freuen uns sehr, wenn du das m\u00f6glich machen kannst. Uns ist aber auch klar, dass so manche \u00e4u\u00dfere Umst\u00e4nde dies verhindern k\u00f6nnen. Und sowieso ist es nat\u00fcrlich dir \u00fcberlassen, wann du an- und abreist und wie viel du dich einbringst. Dabei sind Pausenzeiten und R\u00fcckzugsm\u00f6glichkeiten nicht zu vernachl\u00e4ssigen &#8211; auch daf\u00fcr ist Raum. <\/p><p>Egal wie lange du da bist, bitten wir dich um eine <a href=\"https:\/\/www.undjetzt-konferenz.de\/programm-undjetzt-2024\/\" target=\"_blank\" rel=\"noopener\">Anmeldung<\/a>. Das hilft uns und dem K\u00fcchenkollektiv enorm beim Planen &amp; Vorbereiten. Gib am besten an, wann du voraussichtlich da bist. Um die undjetzt?! zu finanzieren, gibt es neben F\u00f6rdergeldern auch einen Teilnahmebeitrag. F\u00fcr die gesamten 8 Tage liegt er bei 80\u20ac. Dies ist ein Richtwert. Bist du nur einen oder ein paar Tage dabei, freuen wir uns, wenn du dich bei der Festlegung deines Teilnahmebeitrags im Anmeldeformular an einem Wert von 10\u20ac pro Tag orientierst.<\/p><p>Hast du Fragen? Wende dich gerne per Mail an info[at]undjetzt-konferenz.de oder \u00fcber das <a href=\"https:\/\/www.undjetzt-konferenz.de\/kontakt\/\">Kontaktformular<\/a> an uns.<\/p><p>\u00a0<\/p><\/div>\n\t\t\t\t<\/div>\n\t\t\t\t\t\t\t<div class=\"elementor-accordion-item\">\n\t\t\t\t\t<div id=\"elementor-tab-title-23410\" class=\"elementor-tab-title\" data-tab=\"10\" role=\"button\" aria-controls=\"elementor-tab-content-23410\" aria-expanded=\"false\">\n\t\t\t\t\t\t\t\t\t\t\t\t<a class=\"elementor-accordion-title\" tabindex=\"0\">Brauche ich Vorwissen?<\/a>\n\t\t\t\t\t<\/div>\n\t\t\t\t\t<div id=\"elementor-tab-content-23410\" class=\"elementor-tab-content elementor-clearfix\" data-tab=\"10\" role=\"region\" aria-labelledby=\"elementor-tab-title-23410\"><p><span class=\"\">Nein, brauchst du nicht! Wichtig ist f\u00fcr alle Beteiligten, dass die Konferenz ein <strong>Lernort<\/strong> ist, der f\u00fcr Menschen mit wenig und viel (politischem) Vorwissen gleicherma\u00dfen gestaltet wird. <\/span><\/p><p><span class=\"\">Wir bitten jede*n darum, sich <em>nach den eigenen besten M\u00f6glichkeiten<\/em> <strong>diskriminierungssensibel<\/strong> zu verhalten. Gleichzeitig m\u00f6chten wir klarstellen, dass in einem Lernraum nicht alle die gleichen Kenntnisse mitbringen k\u00f6nnen &#8211; und wir dies auch nicht erwarten! Nimm bitte auch darauf R\u00fccksicht.<\/span><\/p><p>Zu unser aller Unterst\u00fctzung gibt es ein <strong>Awarenessteam <\/strong>auf der undjetzt?!. Du kannst dir vorstellen, Lust Teil davon zu sein? Dann melde dich gerne bei uns! Auch mit Fragen bist du willkommen :) Am Samstag, dem 10.8. (wahrscheinlich vormittags) laden wir dich ein, gemeinsam mit uns Wichtiges \u00fcber Awareness zu lernen. Daf\u00fcr haben wir die Initiative Awareness aus Leipzig eingeladen.<\/p><\/div>\n\t\t\t\t<\/div>\n\t\t\t\t\t\t\t<div class=\"elementor-accordion-item\">\n\t\t\t\t\t<div id=\"elementor-tab-title-23411\" class=\"elementor-tab-title\" data-tab=\"11\" role=\"button\" aria-controls=\"elementor-tab-content-23411\" aria-expanded=\"false\">\n\t\t\t\t\t\t\t\t\t\t\t\t<a class=\"elementor-accordion-title\" tabindex=\"0\">Awareness - was, wie, wo?!<\/a>\n\t\t\t\t\t<\/div>\n\t\t\t\t\t<div id=\"elementor-tab-content-23411\" class=\"elementor-tab-content elementor-clearfix\" data-tab=\"11\" role=\"region\" aria-labelledby=\"elementor-tab-title-23411\"><p>Hier findest du das <a href=\"http:\/\/undjetzt-konferenz.de\/wp-content\/uploads\/2024\/08\/undjetzt-Awarenesskonzept2024_final.pdf\">Awarenesskonzept <\/a>f\u00fcr die undjetzt?!-Konferenz.<\/p><p class=\"western\">Awareness ist eine M\u00f6glichkeit, auf unterschiedliche Formen von Diskriminierung, Gewalt und Grenzverletzung aufmerksam zu machen, und Menschen, die Grenz\u00fcberschreitungen erlebt haben, in ihrem Umgang damit zu unterst\u00fctzen.<\/p><p>Im Awarenesskonzept haben wir zusammengefasst, wie wir mit grenz\u00fcberschreitendem und diskriminierendem Verhalten umgehen wollen. Zudem positionieren wir uns dazu, welches Verhalten von uns nicht toleriert wird. Das Awarenesskonzept spiegelt unseren Anspruch an uns und an die undjetzt?! wider. Gleichzeitig haben wir als (ehrenamtliches) Orgateam im Prozess der letzten Monate immer wieder die Erfahrung gemacht, unseren Anspr\u00fcchen an uns selbst nicht gerecht werden zu k\u00f6nnen, sei es aufgrund pers\u00f6nlicher Kapazit\u00e4ten, finanzieller Rahmenbedingungen oder gesellschaftlicher Strukturen. Uns ist es wichtig, unsere Haltung in Bezug auf Awareness zu kommunizieren sowie transparent zu machen, wo unsere Grenzen liegen. Wir verstehen die undjezt?!-Konferenz als Lernort f\u00fcr Menschen mit unterschiedlichem Vorwissen und unterschiedlichen Positionierungen, der aktiv von Teilnehmenden mitgestaltet wird. Auch bei der Umsetzung des Awarnesskonzepts auf der undjetzt?! sind wir auf die Unterst\u00fctzung von Teilnehmenden angewiesen. Zu Beginn der undjetzt?! wird es f\u00fcr alle Mitglieder des Awarenessteams eine Schulung durch die Initiative Awareness aus Leipzig geben.<\/p><\/div>\n\t\t\t\t<\/div>\n\t\t\t\t\t\t\t\t<\/div>\n\t\t\t\t\t\t<\/div>\n\t\t\t\t<\/div>\n\t\t\t\t\t<\/div>\n\t\t<\/div>\n\t\t\t\t\t<\/div>\n\t\t<\/section>\n\t\t\t\t<\/div>\n\t\t","protected":false},"excerpt":{"rendered":"<p>FAQ\u00a0H\u00e4ufig gestellte Fragen Wie melde ich mich an? 1. den Anmeldebogen herunterladen und ausf\u00fcllen 2. ausgef\u00fcllten Anmeldebogen an info[at]undjetzt-konferenz.de senden 3. direkt Bescheid sagen, wenn du Lust hast,&hellip;<\/p>\n","protected":false},"author":26,"featured_media":0,"parent":0,"menu_order":0,"comment_status":"closed","ping_status":"closed","template":"","meta":{"footnotes":""},"class_list":["post-5493","page","type-page","status-publish","has-post-thumbnail","hentry"],"translation":{"provider":"WPGlobus","version":"3.0.2","language":"en","enabled_languages":["de","en"],"languages":{"de":{"title":false,"content":true,"excerpt":false},"en":{"title":false,"content":false,"excerpt":false}}},"_links":{"self":[{"href":"https:\/\/undjetzt-konferenz.de\/en\/wp-json\/wp\/v2\/pages\/5493","targetHints":{"allow":["GET"]}}],"collection":[{"href":"https:\/\/undjetzt-konferenz.de\/en\/wp-json\/wp\/v2\/pages"}],"about":[{"href":"https:\/\/undjetzt-konferenz.de\/en\/wp-json\/wp\/v2\/types\/page"}],"author":[{"embeddable":true,"href":"https:\/\/undjetzt-konferenz.de\/en\/wp-json\/wp\/v2\/users\/26"}],"replies":[{"embeddable":true,"href":"https:\/\/undjetzt-konferenz.de\/en\/wp-json\/wp\/v2\/comments?post=5493"}],"version-history":[{"count":132,"href":"https:\/\/undjetzt-konferenz.de\/en\/wp-json\/wp\/v2\/pages\/5493\/revisions"}],"predecessor-version":[{"id":6155,"href":"https:\/\/undjetzt-konferenz.de\/en\/wp-json\/wp\/v2\/pages\/5493\/revisions\/6155"}],"wp:attachment":[{"href":"https:\/\/undjetzt-konferenz.de\/en\/wp-json\/wp\/v2\/media?parent=5493"}],"curies":[{"name":"wp","href":"https:\/\/api.w.org\/{rel}","templated":true}]}}