{"id":5363,"date":"2023-05-06T18:44:43","date_gmt":"2023-05-06T16:44:43","guid":{"rendered":"https:\/\/www.undjetzt-konferenz.de\/?page_id=5363"},"modified":"2024-07-12T22:23:30","modified_gmt":"2024-07-12T20:23:30","slug":"news","status":"publish","type":"page","link":"https:\/\/undjetzt-konferenz.de\/en\/news\/","title":{"rendered":"News"},"content":{"rendered":"\n<p><strong>Liebe Zukunftsvision\u00e4r*innen, Herzensmenschen, Freund*innen der undjetzt?!-Konferenz und alle anderen,<\/strong><\/p>\n<p>diesen Sommer ist es wieder soweit: Vom<span style=\"color: #008000;\"><strong> 10. bis 17. August 2024 <\/strong><\/span>findet die n\u00e4chste undjetzt?!-Konferenz statt! Wir freuen uns schon RIESIG darauf und bald ist es ja auch schon soweit! Wir k\u00f6nnen es kaum erwarten, diese Zeit gemeinsam mit Euch zu erleben und zu gestalten. <\/p>\n<p data-pm-slice=\"1 1 [&quot;bullet_list&quot;,null,&quot;list_item&quot;,null]\">Dieses Jahr sind wir bei den <span style=\"color: #008000;\"><strong>gASTWERKen in Escherode<\/strong><\/span> bei Kassel zu Gast! Das ist ein total sch\u00f6ner Ort, der super zu uns und zur undjetzt?! passt. Mehr zu den gASTWERKen erf\u00e4hrst Du im Men\u00fc unter &#8220;<a href=\"https:\/\/www.undjetzt-konferenz.de\/konferenzort-2\/\">Veranstaltungsort<\/a>&#8220;.<\/p>\n<p data-pm-slice=\"1 1 [&quot;bullet_list&quot;,null,&quot;list_item&quot;,null]\">Du m\u00f6chtest dabei sein? <a href=\"https:\/\/www.undjetzt-konferenz.de\/anmeldung-2\/\" target=\"_blank\" rel=\"noopener\">Hier<\/a> geht\u00b4s zur <span style=\"color: #008000;\"><strong>Anmeldung<span style=\"color: #008000;\">!<\/span><\/strong> <span style=\"color: #000000;\">Wir freuen uns auf Dich :-)<\/span><strong><br \/><\/strong><\/span><\/p>\n<p data-pm-slice=\"1 1 [&quot;bullet_list&quot;,null,&quot;list_item&quot;,null]\">Hast Du Lust etwas zur undjetzt?! beizutragen? Super &#8211; denn neben einem Programm mit Referenti lebt die undjetzt?! davon, dass und wie wir alle uns einbringen. Von Austausch in unterschiedlichen Formaten \u00fcber Mithilfe in der K\u00fcche und andere &#8216;Repro'[duktions]-Aufgaben bis hin zur Open Stage bieten sich dazu ganz unterschiedliche M\u00f6glichkeiten dich auszuprobieren &amp; (neu) kennenzulernen. Auch bist Du herzlich eingeladen Dein Thema im Open Space am Mittwoch bzw. Donnerstag einzubringen (<a href=\"https:\/\/www.undjetzt-konferenz.de\/programm-undjetzt-2024\/\">siehe Programm<\/a>). Dar\u00fcber hinaus freuen wir uns \u00fcber Menschen, die Teil des <span style=\"color: #008000;\"><strong>Awarenessteams <\/strong><span style=\"color: #000000;\">werden m\u00f6chten.<\/span><\/span> Schreib uns einfach eine <span style=\"color: #000000;\"><span style=\"color: #008000;\"><strong>Mail<\/strong><\/span> an info[at]undjetzt-konferenz.de<\/span>! Auch ein &#8220;Vielleicht&#8221; und Deine Fragen sind herzlich willkommen.<\/p>\n<p>\u00dcber den <span style=\"color: #008000;\">aktuellen Stand<\/span> halten wir Euch gerne auf dem Laufenden: Auf dieser Homepage findest Du v.a. Infos zum gro\u00dfen Ganzen. F\u00fcr regelm\u00e4\u00dfige Updates und kleine Einblicke in die Vorbereitung folge uns am besten auf <a href=\"https:\/\/www.instagram.com\/undjetzt_konferenz\/\" target=\"_blank\" rel=\"noopener\"><strong>insta<\/strong><\/a> unter <em>undjetzt_konferenz<\/em> oder komm in unserem <a href=\"https:\/\/t.me\/undjetzt2024\" target=\"_blank\" rel=\"noopener\"><strong>telegram-Kanal<\/strong><\/a> (Einladungslink<em> t.me\/undjetzt2020)<\/em>.<\/p>\n<p><span style=\"color: #008000;\">Weitere Details<\/span> zur diesj\u00e4hrigen Konferenz findest du in den Unterpunkten des Men\u00fcs oben rechts. Dort ver\u00f6ffentlichen wir in K\u00fcrze zum Beispiel ein vorl\u00e4ufiges Programm. Na, wenn das kein Grund zur Vorfreude ist!?<\/p>\n<p>Wir w\u00fcnschen Dir viel Vergn\u00fcgen beim St\u00f6bern und Entdecken!<\/p>\n<p>Dein Orgateam der undjetzt?! 2024<\/p>\n<p>\u00a0<\/p>\n","protected":false},"excerpt":{"rendered":"<p>Liebe Zukunftsvision\u00e4r*innen, Herzensmenschen, Freund*innen der undjetzt?!-Konferenz und alle anderen, diesen Sommer ist es wieder soweit: Vom 10. bis 17. August 2024 findet die n\u00e4chste undjetzt?!-Konferenz statt! Wir freuen&hellip;<\/p>\n","protected":false},"author":24,"featured_media":0,"parent":0,"menu_order":0,"comment_status":"closed","ping_status":"closed","template":"","meta":{"footnotes":""},"class_list":["post-5363","page","type-page","status-publish","has-post-thumbnail","hentry"],"translation":{"provider":"WPGlobus","version":"3.0.2","language":"en","enabled_languages":["de","en"],"languages":{"de":{"title":true,"content":true,"excerpt":false},"en":{"title":false,"content":false,"excerpt":false}}},"_links":{"self":[{"href":"https:\/\/undjetzt-konferenz.de\/en\/wp-json\/wp\/v2\/pages\/5363","targetHints":{"allow":["GET"]}}],"collection":[{"href":"https:\/\/undjetzt-konferenz.de\/en\/wp-json\/wp\/v2\/pages"}],"about":[{"href":"https:\/\/undjetzt-konferenz.de\/en\/wp-json\/wp\/v2\/types\/page"}],"author":[{"embeddable":true,"href":"https:\/\/undjetzt-konferenz.de\/en\/wp-json\/wp\/v2\/users\/24"}],"replies":[{"embeddable":true,"href":"https:\/\/undjetzt-konferenz.de\/en\/wp-json\/wp\/v2\/comments?post=5363"}],"version-history":[{"count":18,"href":"https:\/\/undjetzt-konferenz.de\/en\/wp-json\/wp\/v2\/pages\/5363\/revisions"}],"predecessor-version":[{"id":5898,"href":"https:\/\/undjetzt-konferenz.de\/en\/wp-json\/wp\/v2\/pages\/5363\/revisions\/5898"}],"wp:attachment":[{"href":"https:\/\/undjetzt-konferenz.de\/en\/wp-json\/wp\/v2\/media?parent=5363"}],"curies":[{"name":"wp","href":"https:\/\/api.w.org\/{rel}","templated":true}]}}