{"id":5342,"date":"2023-05-06T17:13:24","date_gmt":"2023-05-06T15:13:24","guid":{"rendered":"https:\/\/www.undjetzt-konferenz.de\/?page_id=5342"},"modified":"2024-03-14T15:08:55","modified_gmt":"2024-03-14T14:08:55","slug":"join-us","status":"publish","type":"page","link":"https:\/\/undjetzt-konferenz.de\/en\/join-us\/","title":{"rendered":"Join us"},"content":{"rendered":"\n<p>Das Orgateam der uj24 hat sich bereits vor einigen Monaten zusammengefunden und ist flei\u00dfig mit der Planung besch\u00e4ftigt.<\/p>\n<p>Dennoch gibt es manchmal Dinge, f\u00fcr die wir Unterst\u00fctzung gebrauchen k\u00f6nnen. <strong>Melde Dich gern<\/strong>, wenn Du uns <strong>punktuell<\/strong> bei bestimmten Anliegen unterst\u00fctzen m\u00f6chtest &#8211; aber auch, wenn Du schon wei\u00dft, dass Du im Sommer dabei bist und gerne Teil des <strong>Awarenessteams<\/strong> w\u00e4rst, oder einige Tage vor-\/nachher zum Auf-\/Abbau dabei sein kannst.<\/p>\n<p><span class=\"x193iq5w xeuugli x13faqbe x1vvkbs x1xmvt09 x1lliihq x1s928wv xhkezso x1gmr53x x1cpjm7i x1fgarty x1943h6x xudqn12 x3x7a5m x6prxxf xvq8zen xo1l8bm xzsf02u x1yc453h\" dir=\"auto\">Schreib uns einfach eine Mail an info@undjetzt-konferenz.de bzw. \u00fcber das <a href=\"https:\/\/www.undjetzt-konferenz.de\/kontakt\/\">Kontaktformular<\/a>. Wir freuen uns auf Dich!<\/span><\/p>\n<p>\u00a0<\/p>\n<p>Pssssst: Du m\u00f6chtest, dass es auch 2025 wieder eine undjetzt?! gibt und hast Bock, selbst mal eine mitzuorganisieren? Oder Du bist einfach nur von der undjetzt?! begeistert und kannst einfach nicht genug davon bekommen? Dann werde Teil des<span class=\"x193iq5w xeuugli x13faqbe x1vvkbs x1xmvt09 x1lliihq x1s928wv xhkezso x1gmr53x x1cpjm7i x1fgarty x1943h6x xudqn12 x3x7a5m x6prxxf xvq8zen xo1l8bm xzsf02u x1yc453h\" dir=\"auto\"> Orga-Teams der uj2025!\u00a0<\/span><\/p>\n","protected":false},"excerpt":{"rendered":"<p>Das Orgateam der uj24 hat sich bereits vor einigen Monaten zusammengefunden und ist flei\u00dfig mit der Planung besch\u00e4ftigt. Dennoch gibt es manchmal Dinge, f\u00fcr die wir Unterst\u00fctzung gebrauchen&hellip;<\/p>\n","protected":false},"author":24,"featured_media":0,"parent":0,"menu_order":0,"comment_status":"closed","ping_status":"closed","template":"","meta":{"footnotes":""},"class_list":["post-5342","page","type-page","status-publish","has-post-thumbnail","hentry"],"translation":{"provider":"WPGlobus","version":"3.0.2","language":"en","enabled_languages":["de","en"],"languages":{"de":{"title":true,"content":true,"excerpt":false},"en":{"title":false,"content":false,"excerpt":false}}},"_links":{"self":[{"href":"https:\/\/undjetzt-konferenz.de\/en\/wp-json\/wp\/v2\/pages\/5342","targetHints":{"allow":["GET"]}}],"collection":[{"href":"https:\/\/undjetzt-konferenz.de\/en\/wp-json\/wp\/v2\/pages"}],"about":[{"href":"https:\/\/undjetzt-konferenz.de\/en\/wp-json\/wp\/v2\/types\/page"}],"author":[{"embeddable":true,"href":"https:\/\/undjetzt-konferenz.de\/en\/wp-json\/wp\/v2\/users\/24"}],"replies":[{"embeddable":true,"href":"https:\/\/undjetzt-konferenz.de\/en\/wp-json\/wp\/v2\/comments?post=5342"}],"version-history":[{"count":8,"href":"https:\/\/undjetzt-konferenz.de\/en\/wp-json\/wp\/v2\/pages\/5342\/revisions"}],"predecessor-version":[{"id":5900,"href":"https:\/\/undjetzt-konferenz.de\/en\/wp-json\/wp\/v2\/pages\/5342\/revisions\/5900"}],"wp:attachment":[{"href":"https:\/\/undjetzt-konferenz.de\/en\/wp-json\/wp\/v2\/media?parent=5342"}],"curies":[{"name":"wp","href":"https:\/\/api.w.org\/{rel}","templated":true}]}}