{"id":5335,"date":"2023-05-06T17:11:48","date_gmt":"2023-05-06T15:11:48","guid":{"rendered":"https:\/\/www.undjetzt-konferenz.de\/?page_id=5335"},"modified":"2024-08-10T10:13:19","modified_gmt":"2024-08-10T08:13:19","slug":"about-us","status":"publish","type":"page","link":"https:\/\/undjetzt-konferenz.de\/en\/about-us\/","title":{"rendered":"About us"},"content":{"rendered":"\t\t<div data-elementor-type=\"wp-page\" data-elementor-id=\"5335\" class=\"elementor elementor-5335\">\n\t\t\t\t\t\t<section class=\"elementor-section elementor-top-section elementor-element elementor-element-66d4f123 elementor-section-boxed elementor-section-height-default elementor-section-height-default\" data-id=\"66d4f123\" data-element_type=\"section\" data-e-type=\"section\">\n\t\t\t\t\t\t<div class=\"elementor-container elementor-column-gap-default\">\n\t\t\t\t\t<div class=\"elementor-column elementor-col-100 elementor-top-column elementor-element elementor-element-5e6b8fd\" data-id=\"5e6b8fd\" data-element_type=\"column\" data-e-type=\"column\">\n\t\t\t<div class=\"elementor-widget-wrap elementor-element-populated\">\n\t\t\t\t\t\t<div class=\"elementor-element elementor-element-4e3b8fdd elementor-widget elementor-widget-text-editor\" data-id=\"4e3b8fdd\" data-element_type=\"widget\" data-e-type=\"widget\" data-widget_type=\"text-editor.default\">\n\t\t\t\t<div class=\"elementor-widget-container\">\n\t\t\t\t\t\t\t\t\t<p><\/p>\n<p>&#8220;Und jetzt?!&#8221; hast Du Dich sicherlich auch schon das ein oder andere Mal gefragt. Damit bist Du nicht allein. Auf der undjetzt?!-Konferenz wollen wir mehrere Tage gemeinsam verbringen und<\/p>\n<p style=\"text-align: center;\">aktiv werden f\u00fcr eine global gerechtere Welt,<\/p>\n<p style=\"text-align: center;\">gemeinsam tr\u00e4umen und diskutieren,<\/p>\n<p style=\"text-align: center;\">Dinge auf den Kopf stellen,<\/p>\n<p style=\"text-align: center;\">bei uns selbst beginnen.<\/p>\n<p>\u00a0<\/p>\n<p>Du willst mehr erfahren? Hier geht\u00b4s zur <a href=\"https:\/\/www.undjetzt-konferenz.de\/vision-idee\/\">Idee &amp; Vision<\/a>.<\/p>\n<p>Oder wirf einen Blick zur\u00fcck auf <a href=\"https:\/\/www.undjetzt-konferenz.de\/rueckblick\/\">vergangene undjetzt?!-Konferenzen<\/a>. Viel Spa\u00df beim St\u00f6bern, Entdecken, Staunen,&#8230; :-)<\/p>\n<h2>Das sind wir<\/h2>\n<h4>Das Orgateam der undjetzt?! 2024<\/h4>\n<p><img fetchpriority=\"high\" decoding=\"async\" class=\"wp-image-5432 alignleft\" src=\"http:\/\/www.undjetzt-konferenz.de\/wp-content\/uploads\/2024\/05\/signal-2024-05-04-122141_002-300x225.jpeg\" alt=\"\" width=\"348\" height=\"261\" srcset=\"https:\/\/undjetzt-konferenz.de\/wp-content\/uploads\/2024\/05\/signal-2024-05-04-122141_002-300x225.jpeg 300w, https:\/\/undjetzt-konferenz.de\/wp-content\/uploads\/2024\/05\/signal-2024-05-04-122141_002-2000x1500.jpeg 2000w, https:\/\/undjetzt-konferenz.de\/wp-content\/uploads\/2024\/05\/signal-2024-05-04-122141_002-768x576.jpeg 768w, https:\/\/undjetzt-konferenz.de\/wp-content\/uploads\/2024\/05\/signal-2024-05-04-122141_002-1536x1152.jpeg 1536w, https:\/\/undjetzt-konferenz.de\/wp-content\/uploads\/2024\/05\/signal-2024-05-04-122141_002-540x405.jpeg 540w, https:\/\/undjetzt-konferenz.de\/wp-content\/uploads\/2024\/05\/signal-2024-05-04-122141_002-1080x810.jpeg 1080w, https:\/\/undjetzt-konferenz.de\/wp-content\/uploads\/2024\/05\/signal-2024-05-04-122141_002-1980x1485.jpeg 1980w, https:\/\/undjetzt-konferenz.de\/wp-content\/uploads\/2024\/05\/signal-2024-05-04-122141_002.jpeg 2048w\" sizes=\"(max-width: 348px) 100vw, 348px\" \/><\/p>\n<p>\u00a0<\/p>\n<p><\/p>\t\t\t\t\t\t\t\t<\/div>\n\t\t\t\t<\/div>\n\t\t\t\t\t<\/div>\n\t\t<\/div>\n\t\t\t\t\t<\/div>\n\t\t<\/section>\n\t\t\t\t<section class=\"elementor-section elementor-top-section elementor-element elementor-element-2ebee28 elementor-section-boxed elementor-section-height-default elementor-section-height-default\" data-id=\"2ebee28\" data-element_type=\"section\" data-e-type=\"section\">\n\t\t\t\t\t\t<div class=\"elementor-container elementor-column-gap-default\">\n\t\t\t\t\t<div class=\"elementor-column elementor-col-100 elementor-top-column elementor-element elementor-element-eb282e5\" data-id=\"eb282e5\" data-element_type=\"column\" data-e-type=\"column\">\n\t\t\t<div class=\"elementor-widget-wrap elementor-element-populated\">\n\t\t\t\t\t\t<div class=\"elementor-element elementor-element-6c99c6e elementor-widget elementor-widget-text-editor\" data-id=\"6c99c6e\" data-element_type=\"widget\" data-e-type=\"widget\" data-widget_type=\"text-editor.default\">\n\t\t\t\t<div class=\"elementor-widget-container\">\n\t\t\t\t\t\t\t\t\t<p><b>Wir sind das ehrenamtliche Orgateam der und-jetzt?!:<\/b> Tomke (sie, ihr), Nike (sie, ihr), Hannah (sie, ihr), Chris (er, ihm), Ronja (sie, ihr), Linn\u00e9a (sie, ihr), Kevin (er, ihm), Marie (sie, ihr), Friedi (keine Pronomen) und Annika (sie, ihr).\u00a0<\/p>\n<p>Seit mehr als einem Jahr sind wir zusammen am Organisieren der undjetzt?! 2024. Mal mehr, mal weniger intensiv. Bei zahlreichen Pr\u00e4senz- und Onlinetreffen haben wir visioniert, strukturiert und diskutiert, um die undjetzt?!-Konferenz f\u00fcr euch und uns im fabelsch\u00f6nen Escherode Realit\u00e4t werden zu lassen.<\/p>\n<p><b>Warum machen wir das eigentlich?<\/b> Manche von uns waren in den letzten Jahren selbst Teilis der undjetzt?! und haben den gro\u00dfen Wunsch, dass es auch dieses Jahr wieder eine gibt. Wir hatten damals eine tolle Zeit und wollen mit viel Herzenslust eine neue Gelegenheit schaffen, um den undjetzt?!-Vibe wieder aufleben zu lassen. Andere haben selbst gar keine Idee davon, was sie erwartet, aber gro\u00dfe Lust, ein solches Bildungscamp zu planen und auf die Beine zu stellen. Manche von uns haben schon lange Erfahrung in aktivistischen Projekten, einen l\u00e4ngerfristigen Freiwilligendienst gemacht oder durch Studium und\/oder Beruf Bezug zu Themen des gesellschaftlichen Wandels.<\/p>\n<p>Wir m\u00f6chten mit der undjetzt?!-Konferenz einen <b>Rahmen f\u00fcr Erfahrungen und Austausch<\/b> schaffen, der ganz viel Platz bietet und Menschen die M\u00f6glichkeit, eigene Ideen und Visionen einzubringen. Wir m\u00f6chten die Zeit mit euch gemeinsam gestalten und Gemeinschaft leben. Daf\u00fcr sind die gASTWERKe ein super Ort, weil es ein tolles Projekt auf einem tollen Gel\u00e4nde ist, wo gemeinschaftliche und nachhaltige Praktiken gelebt werden.\u00a0<\/p>\n<p>Da wir selbst alle<i> wei\u00df<\/i> und geografisch in Deutschland verortet sind, haben wir uns viel damit besch\u00e4ftigt, wie wir eine Konferenz zu globaler Transformation und einem guten Leben f\u00fcr alle gestalten k\u00f6nnen. Bei den Workshops ist uns wichtig, Perspektiven aus dem globalen S\u00fcden Platz zu geben. Wir m\u00f6chten mit euch in den Austausch dar\u00fcber gehen, wie wir mit der Verantwortung, eine Konferenz zu gestalten, umgehen k\u00f6nnen. Dabei ist es eine besondere Herausforderung, alle Perspektiven mitzudenken. Dieser k\u00f6nnen wir als Orgateam nicht immer gerecht werden, da wir viele Privilegien haben (ziemlich akademisch, able-bodied, <i>wei\u00df<\/i>, Kapazit\u00e4ten f\u00fcr Engagement und Aktivismus, &#8230;).<\/p>\n<p>Wir hoffen, zumindest einen Rahmen zu schaffen, in dem auch andere Perspektiven als unsere Platz haben und wir gemeinsam in den Austausch gehen k\u00f6nnen. Wir verstehen die undjezt?!-Konferenz als <b>Lernort<\/b> &#8211; auch f\u00fcr uns als Orgateam: Wir m\u00f6chten mit und von euch lernen, wie wir sie noch verbessern k\u00f6nnen, und das, was wir vor-organisiert haben, mit euch zusammen w\u00e4hrend der Konferenz umsetzen &#8211; und vielleicht auch wieder umschmei\u00dfen. Denn wir sind alle in gesellschaftlichen Strukturen verortet. Es geht uns darum, uns w\u00e4hrend der Konferenz mit diesen zu besch\u00e4ftigen und sie gemeinsam zu hinterfragen. Wir w\u00fcnschen uns eine f<b>ehlerfreundliche Atmosph\u00e4re<\/b>, in der gemeinsam erprobt, hingefallen und wieder aufgestanden werden kann. Gleichzeitig bedeutet &#8220;Lernort&#8221; f\u00fcr uns nicht, dass Grenzen ohne Konsequenzen \u00fcberschritten werden k\u00f6nnen. Auch daf\u00fcr haben wir uns ein paar Gedanken zu einem Awarenesskonzept auf der Konferenz gemacht und werden ein &#8220;A-Team&#8221; vor Ort haben. Bitte schaut vorher schon mal in das Awarenesskonzept, das ihr (bald) auf unserer Website findet (Link folgt noch).<\/p>\n<p>Nicht nur Lernen, auch <b>Faulenzen<\/b> wird bei uns gro\u00df geschrieben: Es wird viele R\u00fcckzugsm\u00f6glichkeiten geben, seien es H\u00e4ngematte, Kaffeeecke, Ruheraum und weitere spezifische R\u00fcckzugsr\u00e4ume oder der Wald, der direkt an das Gel\u00e4nde der gASTWRKe angrenzt.<\/p>\n<p>Wir freuen uns auf eine entspannte Woche mit Input und Zeit zum Rauskommen, Abschalten, Energie tanken.<\/p>\t\t\t\t\t\t\t\t<\/div>\n\t\t\t\t<\/div>\n\t\t\t\t\t<\/div>\n\t\t<\/div>\n\t\t\t\t\t<\/div>\n\t\t<\/section>\n\t\t\t\t<\/div>\n\t\t","protected":false},"excerpt":{"rendered":"<p>&#8220;Und jetzt?!&#8221; hast Du Dich sicherlich auch schon das ein oder andere Mal gefragt. Damit bist Du nicht allein. Auf der undjetzt?!-Konferenz wollen wir mehrere Tage gemeinsam verbringen&hellip;<\/p>\n","protected":false},"author":24,"featured_media":0,"parent":0,"menu_order":0,"comment_status":"closed","ping_status":"closed","template":"","meta":{"footnotes":""},"class_list":["post-5335","page","type-page","status-publish","has-post-thumbnail","hentry"],"translation":{"provider":"WPGlobus","version":"3.0.2","language":"en","enabled_languages":["de","en"],"languages":{"de":{"title":true,"content":true,"excerpt":false},"en":{"title":false,"content":false,"excerpt":false}}},"_links":{"self":[{"href":"https:\/\/undjetzt-konferenz.de\/en\/wp-json\/wp\/v2\/pages\/5335","targetHints":{"allow":["GET"]}}],"collection":[{"href":"https:\/\/undjetzt-konferenz.de\/en\/wp-json\/wp\/v2\/pages"}],"about":[{"href":"https:\/\/undjetzt-konferenz.de\/en\/wp-json\/wp\/v2\/types\/page"}],"author":[{"embeddable":true,"href":"https:\/\/undjetzt-konferenz.de\/en\/wp-json\/wp\/v2\/users\/24"}],"replies":[{"embeddable":true,"href":"https:\/\/undjetzt-konferenz.de\/en\/wp-json\/wp\/v2\/comments?post=5335"}],"version-history":[{"count":26,"href":"https:\/\/undjetzt-konferenz.de\/en\/wp-json\/wp\/v2\/pages\/5335\/revisions"}],"predecessor-version":[{"id":6139,"href":"https:\/\/undjetzt-konferenz.de\/en\/wp-json\/wp\/v2\/pages\/5335\/revisions\/6139"}],"wp:attachment":[{"href":"https:\/\/undjetzt-konferenz.de\/en\/wp-json\/wp\/v2\/media?parent=5335"}],"curies":[{"name":"wp","href":"https:\/\/api.w.org\/{rel}","templated":true}]}}