{"id":5311,"date":"2023-05-06T16:24:27","date_gmt":"2023-05-06T14:24:27","guid":{"rendered":"https:\/\/www.undjetzt-konferenz.de\/?page_id=5311"},"modified":"2025-04-22T12:03:33","modified_gmt":"2025-04-22T10:03:33","slug":"undjetzt","status":"publish","type":"page","link":"https:\/\/undjetzt-konferenz.de\/en\/","title":{"rendered":"Die n\u00e4chste undjetzt?!-Konferenz soll im Sommer 2026 stattfinden. Wir suchen aktuell nach Menschen, die diese mit uns gestalten."},"content":{"rendered":"\t\t<div data-elementor-type=\"wp-page\" data-elementor-id=\"5311\" class=\"elementor elementor-5311\">\n\t\t\t\t\t\t<section class=\"elementor-section elementor-top-section elementor-element elementor-element-747ad9f elementor-section-full_width elementor-section-content-space-evenly elementor-section-height-default elementor-section-height-default\" data-id=\"747ad9f\" data-element_type=\"section\" data-e-type=\"section\">\n\t\t\t\t\t\t<div class=\"elementor-container elementor-column-gap-default\">\n\t\t\t\t\t<div class=\"elementor-column elementor-col-100 elementor-top-column elementor-element elementor-element-d216568\" data-id=\"d216568\" data-element_type=\"column\" data-e-type=\"column\">\n\t\t\t<div class=\"elementor-widget-wrap elementor-element-populated\">\n\t\t\t\t\t\t<div class=\"elementor-element elementor-element-ef820cd elementor-widget__width-initial elementor-widget elementor-widget-heading\" data-id=\"ef820cd\" data-element_type=\"widget\" data-e-type=\"widget\" data-widget_type=\"heading.default\">\n\t\t\t\t<div class=\"elementor-widget-container\">\n\t\t\t\t\t<h2 class=\"elementor-heading-title elementor-size-default\"><p style=\"line-height: 100%;margin-bottom: 0cm\"><b>Werde Teil des Orga-Teams der n\u00e4chsten undjetzt?!-Konferenz 2026!<\/b><\/p><\/h2>\t\t\t\t<\/div>\n\t\t\t\t<\/div>\n\t\t\t\t\t<\/div>\n\t\t<\/div>\n\t\t\t\t\t<\/div>\n\t\t<\/section>\n\t\t\t\t<section class=\"elementor-section elementor-top-section elementor-element elementor-element-3d4c5f2 elementor-section-stretched elementor-section-boxed elementor-section-height-default elementor-section-height-default\" data-id=\"3d4c5f2\" data-element_type=\"section\" data-e-type=\"section\" data-settings=\"{&quot;stretch_section&quot;:&quot;section-stretched&quot;}\">\n\t\t\t\t\t\t<div class=\"elementor-container elementor-column-gap-no\">\n\t\t\t\t\t<div class=\"elementor-column elementor-col-100 elementor-top-column elementor-element elementor-element-57620f9\" data-id=\"57620f9\" data-element_type=\"column\" data-e-type=\"column\">\n\t\t\t<div class=\"elementor-widget-wrap elementor-element-populated\">\n\t\t\t\t\t\t<div class=\"elementor-element elementor-element-3671919 elementor-widget elementor-widget-text-editor\" data-id=\"3671919\" data-element_type=\"widget\" data-e-type=\"widget\" data-widget_type=\"text-editor.default\">\n\t\t\t\t<div class=\"elementor-widget-container\">\n\t\t\t\t\t\t\t\t\t<p>Die undjetzt?!-Konferenz ist eine Woche voller Inspiration, Austausch und Vernetzung. Gemeinsam mit vielen motivierten Menschen tauchen wir in Themen wie Nachhaltigkeit, Klimagerechtigkeit, Queerfeminismus, alternatives Wirtschaften, soziale Bewegungen, Selbstf\u00fcrsorge (im Aktivismus) und Pers\u00f6nlichkeitsentwicklung ein.<\/p><p>Bisher war die undjetzt?! auch eine Austauschplattform f\u00fcr R\u00fcckkehrende von Freiwilligendiensten. Wir hinterfragen Selbstverst\u00e4ndlichkeiten, denken kritisch, spinnen Ideen \u2013 und setzen sie in Bewegung. Eine Woche f\u00fcr all diejenigen, die ein gutes Leben f\u00fcr alle mitgestalten und leben m\u00f6chten. Dazu kommt ein Kulturprogramm mit Musik, Theater und weiterem.<\/p><p>Diese Konferenz lebt von Menschen, die sie gestalten! Deshalb suchen wir dich!<\/p>\t\t\t\t\t\t\t\t<\/div>\n\t\t\t\t<\/div>\n\t\t\t\t<div class=\"elementor-element elementor-element-18f6b03 elementor-widget elementor-widget-text-editor\" data-id=\"18f6b03\" data-element_type=\"widget\" data-e-type=\"widget\" data-widget_type=\"text-editor.default\">\n\t\t\t\t<div class=\"elementor-widget-container\">\n\t\t\t\t\t\t\t\t\t<p><strong>Was erwartet dich?<\/strong><\/p><ul><li>Du bist Teil eines offenen, fehlerfreundlichen Teams mit flachen Hierarchien.<\/li><li>Du kannst von \u00fcberall aus mitmachen, wir m\u00f6chten uns aber auch regelm\u00e4\u00dfig in Pr\u00e4senz treffen \u2013 Anreise und Unterkunft werden vom Verein finanziert.<\/li><li>Du bist in einem Lernraum, in dem du dich ausprobieren und weiterentwickeln kannst.<\/li><li>vielf\u00e4ltige M\u00f6glichkeiten dich einzubringen &#8211; ob bei Finanzen, Referent*innensuche, Programmplanung inkl. Kultur wie Konzerte, Theater, Open Stage, Awareness f\u00fcrs Team und die Veranstaltung, Kontakt mit Teilis, \u00d6ffentlichkeitsarbeit, Ort, Verpflegung oder vielen weiteren Themen<\/li><\/ul>\t\t\t\t\t\t\t\t<\/div>\n\t\t\t\t<\/div>\n\t\t\t\t<div class=\"elementor-element elementor-element-1cb477d elementor-widget elementor-widget-text-editor\" data-id=\"1cb477d\" data-element_type=\"widget\" data-e-type=\"widget\" data-widget_type=\"text-editor.default\">\n\t\t\t\t<div class=\"elementor-widget-container\">\n\t\t\t\t\t\t\t\t\t<p><strong>Zeitraum:<\/strong><\/p><ul><li>Das Orga-Team arbeitet etwa ein Jahr an der Vorbereitung.<\/li><li>Die Konferenz findet im Sommer 2026 statt.<\/li><\/ul>\t\t\t\t\t\t\t\t<\/div>\n\t\t\t\t<\/div>\n\t\t\t\t<div class=\"elementor-element elementor-element-41ee0df elementor-widget elementor-widget-text-editor\" data-id=\"41ee0df\" data-element_type=\"widget\" data-e-type=\"widget\" data-widget_type=\"text-editor.default\">\n\t\t\t\t<div class=\"elementor-widget-container\">\n\t\t\t\t\t\t\t\t\t<p><b>Wer steckt dahinter?<\/b><\/p><p>Wir sind Hannah (sie\/ihr), Philipp (er\/ihn), rumo () und weitere Aktive. Die Konferenz wird vom Verein grenzenlos e.V. getragen, der sich f\u00fcr gesellschaftlichen Wandel und neue Formen des Miteinanders einsetzt. Der grenzenlos e.V. ist ein tr\u00e4ger\u00fcbergreifender Verein von ehemaligen Freiwilligen.<\/p>\t\t\t\t\t\t\t\t<\/div>\n\t\t\t\t<\/div>\n\t\t\t\t<div class=\"elementor-element elementor-element-1f395b6 elementor-widget elementor-widget-text-editor\" data-id=\"1f395b6\" data-element_type=\"widget\" data-e-type=\"widget\" data-widget_type=\"text-editor.default\">\n\t\t\t\t<div class=\"elementor-widget-container\">\n\t\t\t\t\t\t\t\t\t<p><strong>Melde dich bei uns!<\/strong><\/p><p>Schreib uns eine Mail, eine Nachricht auf Instagram oder lass uns telefonieren \u2013 wir freuen uns auf dich!<br \/>Mehr erfahren: info[at]undjetzt-konferenz.de, IG: <a href=\"https:\/\/www.instagram.com\/undjetzt_konferenz\/\">@undjetzt_konferenz<\/a><\/p>\t\t\t\t\t\t\t\t<\/div>\n\t\t\t\t<\/div>\n\t\t\t\t\t<\/div>\n\t\t<\/div>\n\t\t\t\t\t<\/div>\n\t\t<\/section>\n\t\t\t\t<section class=\"elementor-section elementor-top-section elementor-element elementor-element-0abff09 elementor-section-boxed elementor-section-height-default elementor-section-height-default\" data-id=\"0abff09\" data-element_type=\"section\" data-e-type=\"section\">\n\t\t\t\t\t\t<div class=\"elementor-container elementor-column-gap-default\">\n\t\t\t\t\t<div class=\"elementor-column elementor-col-100 elementor-top-column elementor-element elementor-element-205d692\" data-id=\"205d692\" data-element_type=\"column\" data-e-type=\"column\">\n\t\t\t<div class=\"elementor-widget-wrap elementor-element-populated\">\n\t\t\t\t\t\t<div class=\"elementor-element elementor-element-8d31881 elementor-widget elementor-widget-text-editor\" data-id=\"8d31881\" data-element_type=\"widget\" data-e-type=\"widget\" data-widget_type=\"text-editor.default\">\n\t\t\t\t<div class=\"elementor-widget-container\">\n\t\t\t\t\t\t\t\t\t<p>Gef\u00f6rdert durch:<\/p>\t\t\t\t\t\t\t\t<\/div>\n\t\t\t\t<\/div>\n\t\t\t\t\t<\/div>\n\t\t<\/div>\n\t\t\t\t\t<\/div>\n\t\t<\/section>\n\t\t\t\t<section class=\"elementor-section elementor-top-section elementor-element elementor-element-67e35ee elementor-section-boxed elementor-section-height-default elementor-section-height-default\" data-id=\"67e35ee\" data-element_type=\"section\" data-e-type=\"section\">\n\t\t\t\t\t\t<div class=\"elementor-container elementor-column-gap-default\">\n\t\t\t\t\t<div class=\"elementor-column elementor-col-33 elementor-top-column elementor-element elementor-element-d30ad2f\" data-id=\"d30ad2f\" data-element_type=\"column\" data-e-type=\"column\">\n\t\t\t<div class=\"elementor-widget-wrap elementor-element-populated\">\n\t\t\t\t\t\t<div class=\"elementor-element elementor-element-82f3ee0 elementor-widget elementor-widget-image\" data-id=\"82f3ee0\" data-element_type=\"widget\" data-e-type=\"widget\" data-widget_type=\"image.default\">\n\t\t\t\t<div class=\"elementor-widget-container\">\n\t\t\t\t\t\t\t\t\t\t\t\t\t\t\t<img fetchpriority=\"high\" decoding=\"async\" width=\"480\" height=\"255\" src=\"https:\/\/undjetzt-konferenz.de\/wp-content\/uploads\/2024\/07\/bmz-logo.jpg\" class=\"attachment-large size-large wp-image-5909\" alt=\"\" srcset=\"https:\/\/undjetzt-konferenz.de\/wp-content\/uploads\/2024\/07\/bmz-logo.jpg 480w, https:\/\/undjetzt-konferenz.de\/wp-content\/uploads\/2024\/07\/bmz-logo-300x159.jpg 300w\" sizes=\"(max-width: 480px) 100vw, 480px\" \/>\t\t\t\t\t\t\t\t\t\t\t\t\t\t\t<\/div>\n\t\t\t\t<\/div>\n\t\t\t\t\t<\/div>\n\t\t<\/div>\n\t\t\t\t<div class=\"elementor-column elementor-col-33 elementor-top-column elementor-element elementor-element-63a6e0c\" data-id=\"63a6e0c\" data-element_type=\"column\" data-e-type=\"column\">\n\t\t\t<div class=\"elementor-widget-wrap elementor-element-populated\">\n\t\t\t\t\t\t<div class=\"elementor-element elementor-element-c2a8f3f elementor-widget elementor-widget-image\" data-id=\"c2a8f3f\" data-element_type=\"widget\" data-e-type=\"widget\" data-widget_type=\"image.default\">\n\t\t\t\t<div class=\"elementor-widget-container\">\n\t\t\t\t\t\t\t\t\t\t\t\t\t\t\t<img decoding=\"async\" width=\"580\" height=\"305\" src=\"https:\/\/undjetzt-konferenz.de\/wp-content\/uploads\/2024\/07\/Logo_BfdW.webp\" class=\"attachment-large size-large wp-image-5866\" alt=\"\" srcset=\"https:\/\/undjetzt-konferenz.de\/wp-content\/uploads\/2024\/07\/Logo_BfdW.webp 1200w, https:\/\/undjetzt-konferenz.de\/wp-content\/uploads\/2024\/07\/Logo_BfdW-300x158.webp 300w, https:\/\/undjetzt-konferenz.de\/wp-content\/uploads\/2024\/07\/Logo_BfdW-768x403.webp 768w, https:\/\/undjetzt-konferenz.de\/wp-content\/uploads\/2024\/07\/Logo_BfdW-540x284.webp 540w, https:\/\/undjetzt-konferenz.de\/wp-content\/uploads\/2024\/07\/Logo_BfdW-1080x567.webp 1080w\" sizes=\"(max-width: 580px) 100vw, 580px\" \/>\t\t\t\t\t\t\t\t\t\t\t\t\t\t\t<\/div>\n\t\t\t\t<\/div>\n\t\t\t\t\t<\/div>\n\t\t<\/div>\n\t\t\t\t<div class=\"elementor-column elementor-col-33 elementor-top-column elementor-element elementor-element-9af8a11\" data-id=\"9af8a11\" data-element_type=\"column\" data-e-type=\"column\">\n\t\t\t<div class=\"elementor-widget-wrap elementor-element-populated\">\n\t\t\t\t\t\t<div class=\"elementor-element elementor-element-274b21a elementor-widget elementor-widget-image\" data-id=\"274b21a\" data-element_type=\"widget\" data-e-type=\"widget\" data-widget_type=\"image.default\">\n\t\t\t\t<div class=\"elementor-widget-container\">\n\t\t\t\t\t\t\t\t\t\t\t\t\t\t\t<img decoding=\"async\" width=\"580\" height=\"387\" src=\"https:\/\/undjetzt-konferenz.de\/wp-content\/uploads\/2024\/07\/Logo_Kath.fonds_.png\" class=\"attachment-large size-large wp-image-5868\" alt=\"\" srcset=\"https:\/\/undjetzt-konferenz.de\/wp-content\/uploads\/2024\/07\/Logo_Kath.fonds_.png 1200w, https:\/\/undjetzt-konferenz.de\/wp-content\/uploads\/2024\/07\/Logo_Kath.fonds_-300x200.png 300w, https:\/\/undjetzt-konferenz.de\/wp-content\/uploads\/2024\/07\/Logo_Kath.fonds_-768x512.png 768w, https:\/\/undjetzt-konferenz.de\/wp-content\/uploads\/2024\/07\/Logo_Kath.fonds_-540x360.png 540w, https:\/\/undjetzt-konferenz.de\/wp-content\/uploads\/2024\/07\/Logo_Kath.fonds_-1080x720.png 1080w, https:\/\/undjetzt-konferenz.de\/wp-content\/uploads\/2024\/07\/Logo_Kath.fonds_-272x182.png 272w\" sizes=\"(max-width: 580px) 100vw, 580px\" \/>\t\t\t\t\t\t\t\t\t\t\t\t\t\t\t<\/div>\n\t\t\t\t<\/div>\n\t\t\t\t\t<\/div>\n\t\t<\/div>\n\t\t\t\t\t<\/div>\n\t\t<\/section>\n\t\t\t\t<\/div>\n\t\t","protected":false},"excerpt":{"rendered":"<p>Werde Teil des Orga-Teams der n\u00e4chsten undjetzt?!-Konferenz 2026! Die undjetzt?!-Konferenz ist eine Woche voller Inspiration, Austausch und Vernetzung. Gemeinsam mit vielen motivierten Menschen tauchen wir in Themen wie&hellip;<\/p>\n","protected":false},"author":23,"featured_media":3679,"parent":0,"menu_order":0,"comment_status":"closed","ping_status":"closed","template":"template-cover.php","meta":{"footnotes":""},"class_list":["post-5311","page","type-page","status-publish","has-post-thumbnail","hentry"],"translation":{"provider":"WPGlobus","version":"3.0.2","language":"en","enabled_languages":["de","en"],"languages":{"de":{"title":true,"content":true,"excerpt":false},"en":{"title":false,"content":false,"excerpt":false}}},"_links":{"self":[{"href":"https:\/\/undjetzt-konferenz.de\/en\/wp-json\/wp\/v2\/pages\/5311","targetHints":{"allow":["GET"]}}],"collection":[{"href":"https:\/\/undjetzt-konferenz.de\/en\/wp-json\/wp\/v2\/pages"}],"about":[{"href":"https:\/\/undjetzt-konferenz.de\/en\/wp-json\/wp\/v2\/types\/page"}],"author":[{"embeddable":true,"href":"https:\/\/undjetzt-konferenz.de\/en\/wp-json\/wp\/v2\/users\/23"}],"replies":[{"embeddable":true,"href":"https:\/\/undjetzt-konferenz.de\/en\/wp-json\/wp\/v2\/comments?post=5311"}],"version-history":[{"count":166,"href":"https:\/\/undjetzt-konferenz.de\/en\/wp-json\/wp\/v2\/pages\/5311\/revisions"}],"predecessor-version":[{"id":6183,"href":"https:\/\/undjetzt-konferenz.de\/en\/wp-json\/wp\/v2\/pages\/5311\/revisions\/6183"}],"wp:featuredmedia":[{"embeddable":true,"href":"https:\/\/undjetzt-konferenz.de\/en\/wp-json\/wp\/v2\/media\/3679"}],"wp:attachment":[{"href":"https:\/\/undjetzt-konferenz.de\/en\/wp-json\/wp\/v2\/media?parent=5311"}],"curies":[{"name":"wp","href":"https:\/\/api.w.org\/{rel}","templated":true}]}}