{"id":1400,"date":"2017-06-05T12:20:11","date_gmt":"2017-06-05T10:20:11","guid":{"rendered":"http:\/\/www.undjetzt-konferenz.de\/?page_id=1400"},"modified":"2024-07-14T03:45:51","modified_gmt":"2024-07-14T01:45:51","slug":"teilnahmebedingungen","status":"publish","type":"page","link":"https:\/\/undjetzt-konferenz.de\/en\/teilnahmebedingungen\/","title":{"rendered":"Teilnahmebedingungen"},"content":{"rendered":"<div class=\"entry-content\">\n<p style=\"text-align: left;\">Mit der Anmeldung zur undjetzt?!-Konferenz 2024 stimme ich den folgenden Teilnahmebedingungen zu.<\/p>\n<h3>Allgemeines<\/h3>\n<p>Idee der Konferenz ist der gemeinsame, wertsch\u00e4tzende und respektvolle Austausch unter den Teilnehmenden sowie mit den Referierenden und G\u00e4sten. Sowohl die Teilnehmenden als auch das Organisationsteam sagen zu, selbst\u00e4ndig und umsichtig diese Idee umzusetzen und im Falle von Meinungsverschiedenheiten eine m\u00f6glichst einvernehmliche L\u00f6sung anzustreben.<\/p>\n<h3>Die Teilnahme<\/h3>\n<p>Die Teilnahme beinhaltet die Vollverpflegung, d.h. Mahlzeiten morgens, mittags und abends.<\/p>\n<p>Die Teilnahme beinhaltet auch die M\u00f6glichkeit ein Zelt auf der Zeltwiese aufzustellen. Schlafs\u00e4cke, Isomatten und Zelte sind selbst mitzubringen.<\/p>\n<p>Wir erm\u00f6glichen die Teilnahme an allen Vortr\u00e4gen, verschiedenen Workshops und weiteren Programmpunkten.<\/p>\n<h3>Der Teilnahmebeitrag<\/h3>\n<p>Ein Teil der Konferenzkosten wird durch Teilnahmebeitr\u00e4ge gedeckt. Das hei\u00dft wir sind auf eure Beitr\u00e4ge angewiesen, um die Konferenz zu finanzieren. Wir planen mit einem Beitrag von 80\u20ac pro Teilnehmenden. Wir verstehen, dass nicht jede*r diesen Betrag aufbringen kann, m\u00f6chten die Teilnahme aber gerne allen erm\u00f6glichen. Durch einen hohen Beitrag kannst du anderen Teilnehmenden die Teilnahme an der Konferenz erm\u00f6glichen.<\/p>\n<h3>Die Anmeldung<\/h3>\n<p>Nach dem Ausf\u00fcllen des Anmeldeformulars bekommst du vom Organisationsteam eine Eingangsbest\u00e4tigung. Anschlie\u00dfend schauen wir, ob noch Pl\u00e4tze frei sind. Du bekommst eine Anmeldebest\u00e4tigung oder die Info, dass du auf der Warteliste gelandet bist. Die Best\u00e4tigung enth\u00e4lt u.a. die Bankverbindung, an die du bitte den Teilnahmebeitrag \u00fcberweist. Deine Anmeldung zur Konferenz ist erst verbindlich, wenn die von dir angegebene Beitrag auf unserem Konto eingegangen ist.<\/p>\n<p>Durch die Anmeldebest\u00e4tigung sowie die eingegangene Zahlung der Konferenzgeb\u00fchr wird die Anmeldung verbindlich. Die \u00dcberweisung der Anmeldegeb\u00fchr sollte innerhalb von 7 Tagen geschehen.<\/p>\n<h3>Bei Stornierungen<\/h3>\n<p>Bei Stornierung der Anmeldung bis zwei Wochen (14 Tage) vor Veranstaltungsbeginn kann auf Anfrage der gesamte bezahlte Teilnahmebeitrag erstattet werden. Bei sp\u00e4terer Stornierung behalten wir uns vor den Beitrag nur teilweise zu erstatten. Die Stornierung bedarf der Schriftform.<\/p>\n<p>Eine Abmeldung bei Nichtteilnahme ist, auch wenn kein Teilnahmebeitrag bezahlt wurde, unbedingt erforderlich.<\/p>\n<h3>Die Absage von Workshops sowie Programm\u00e4nderungen<\/h3>\n<p>Das Organisationsteam bittet um Verst\u00e4ndnis, dass es zur Absage einzelner Programmpunkte kommen kann, z.B. bei Ausfall einzelner Referierenden oder aufgrund mangelnder Teilnehmendenzahl.<\/p>\n<p>Des Weiteren behalten wir uns vor, jederzeit \u00c4nderungen am Programm der Konferenz vorzunehmen. Eine aktuelle \u00dcbersicht findet sich auf unserer Homepage. Sollten \u00c4nderungen auftauchen, werden diese dort so schnell wie m\u00f6glich bekannt gegeben.<\/p>\n<p>Bei R\u00fcckfragen wende Dich bitte an das Organisationsteam.<\/p>\n<h3>Haftungsbeschr\u00e4nkung des Veranstalters<\/h3>\n<p>Das Organisationsteam (und somit unser Verein grenzenlos &#8211; Vereinigung internationaler Freiwilliger e.V.) haftet nicht f\u00fcr Verluste oder Besch\u00e4digung von mitgebrachten Gegenst\u00e4nden im Rahmen der undjetzt?!-Konferenz. Wir bitten Dich, gut auf Deine Sachen aufzupassen und achtsam mit Deinen Mitmenschen umzugehen. Es besteht die M\u00f6glichkeit, Wertgegenst\u00e4nde im Konferenzb\u00fcro zur Aufbewahrung abzugeben.<\/p>\n<h3>Sprache<\/h3>\n<p>Die undjetzt?!-Konferenz wird \u00fcberwiegend in deutscher Sprache stattfinden. Falls eine \u00dcbersetzung ben\u00f6tigt wird, versuchen wir Fl\u00fcster\u00fcbersetzungen zu organisieren.<\/p>\n<h3>Urheberrechte<\/h3>\n<p>Ideen sind frei, offen und sollen genutzt werden. Unterst\u00fctzt euch, sprecht miteinander und nutzt gemeinsam, was ihr \u00fcberlegt und entwerft. In Einzelf\u00e4llen k\u00f6nnen Referierende darauf hinweisen, dass von ihnen zur Verf\u00fcgung gestelltes Material nicht vervielf\u00e4ltigt werden soll. Dann gilt es dies zu respektieren.<\/p>\n<h3>Datenschutz<\/h3>\n<p>Mit deiner Anmeldung stimmst du unserer <a href=\"https:\/\/www.undjetzt-konferenz.de\/datenschutz\/\">Datenschutzerkl\u00e4rung<\/a> zu.<\/p>\n<h3>Vorbehaltsklausel<\/h3>\n<p>Die gesamte Konferenz findet unter Vorbehalt der F\u00f6rderungszusagen statt. Bereits gezahlte Teilnahmebeitrage werden zur\u00fcck\u00fcberwiesen, sollte die Konferenz nicht stattfinden k\u00f6nnen.<\/p>\n<h3>Anwendbares Recht \/ Gerichtsstand<\/h3>\n<p>Diese Abmachung unterliegt dem deutschen Recht. Gerichtsstand f\u00fcr alle Anspr\u00fcche und Rechtsstreitigkeiten ist K\u00f6ln.<\/p>\n<p><strong>grenzenlos \u2013 Vereinigung internationaler Freiwilliger e.V.<br \/>\nMennonitenstra\u00dfe 10<br \/>\n56567 Neuwied<\/strong><\/p>\n<\/div>\n","protected":false},"excerpt":{"rendered":"<p>Mit der Anmeldung zur undjetzt?!-Konferenz 2024 stimme ich den folgenden Teilnahmebedingungen zu. Allgemeines Idee der Konferenz ist der gemeinsame, wertsch\u00e4tzende und respektvolle Austausch unter den Teilnehmenden sowie mit&hellip;<\/p>\n","protected":false},"author":17,"featured_media":0,"parent":0,"menu_order":0,"comment_status":"closed","ping_status":"closed","template":"","meta":{"footnotes":""},"class_list":["post-1400","page","type-page","status-publish","has-post-thumbnail","hentry"],"translation":{"provider":"WPGlobus","version":"3.0.2","language":"en","enabled_languages":["de","en"],"languages":{"de":{"title":true,"content":true,"excerpt":false},"en":{"title":false,"content":false,"excerpt":false}}},"_links":{"self":[{"href":"https:\/\/undjetzt-konferenz.de\/en\/wp-json\/wp\/v2\/pages\/1400","targetHints":{"allow":["GET"]}}],"collection":[{"href":"https:\/\/undjetzt-konferenz.de\/en\/wp-json\/wp\/v2\/pages"}],"about":[{"href":"https:\/\/undjetzt-konferenz.de\/en\/wp-json\/wp\/v2\/types\/page"}],"author":[{"embeddable":true,"href":"https:\/\/undjetzt-konferenz.de\/en\/wp-json\/wp\/v2\/users\/17"}],"replies":[{"embeddable":true,"href":"https:\/\/undjetzt-konferenz.de\/en\/wp-json\/wp\/v2\/comments?post=1400"}],"version-history":[{"count":35,"href":"https:\/\/undjetzt-konferenz.de\/en\/wp-json\/wp\/v2\/pages\/1400\/revisions"}],"predecessor-version":[{"id":5958,"href":"https:\/\/undjetzt-konferenz.de\/en\/wp-json\/wp\/v2\/pages\/1400\/revisions\/5958"}],"wp:attachment":[{"href":"https:\/\/undjetzt-konferenz.de\/en\/wp-json\/wp\/v2\/media?parent=1400"}],"curies":[{"name":"wp","href":"https:\/\/api.w.org\/{rel}","templated":true}]}}